{"id":12954,"date":"2020-08-27T08:23:10","date_gmt":"2020-08-27T08:23:10","guid":{"rendered":"https:\/\/www.oreasoc.com\/?page_id=12954"},"modified":"2026-01-27T19:37:05","modified_gmt":"2026-01-27T19:37:05","slug":"politicas-de-privacidad","status":"publish","type":"page","link":"https:\/\/www.oreasoc.com\/es\/politicas-de-privacidad\/","title":{"rendered":"Pol\u00edticas de Privacidad"},"content":{"rendered":"\t\t<div data-elementor-type=\"wp-page\" data-elementor-id=\"12954\" class=\"elementor elementor-12954\" data-elementor-settings=\"{&quot;ha_cmc_init_switcher&quot;:&quot;no&quot;}\" data-elementor-post-type=\"page\">\n\t\t\t\t\t\t<section class=\"elementor-section elementor-top-section elementor-element elementor-element-406fea4 elementor-section-boxed elementor-section-height-default elementor-section-height-default sc_fly_static\" data-id=\"406fea4\" data-element_type=\"section\" data-e-type=\"section\" data-settings=\"{&quot;_ha_eqh_enable&quot;:false}\">\n\t\t\t\t\t\t<div class=\"elementor-container elementor-column-gap-extended\">\n\t\t\t\t\t<div class=\"elementor-column elementor-col-100 elementor-top-column elementor-element elementor-element-3f4df29 sc_inner_width_none sc_content_align_inherit sc_layouts_column_icons_position_left sc_fly_static\" data-id=\"3f4df29\" data-element_type=\"column\" data-e-type=\"column\">\n\t\t\t<div class=\"elementor-widget-wrap elementor-element-populated\">\n\t\t\t\t\t\t<div class=\"elementor-element elementor-element-05e4a6f sc_fly_static elementor-widget elementor-widget-spacer\" data-id=\"05e4a6f\" data-element_type=\"widget\" data-e-type=\"widget\" data-widget_type=\"spacer.default\">\n\t\t\t\t<div class=\"elementor-widget-container\">\n\t\t\t\t\t\t\t<div class=\"elementor-spacer\">\n\t\t\t<div class=\"elementor-spacer-inner\"><\/div>\n\t\t<\/div>\n\t\t\t\t\t\t<\/div>\n\t\t\t\t<\/div>\n\t\t\t\t<div class=\"elementor-element elementor-element-9ad2fd4 sc_fly_static elementor-widget elementor-widget-trx_sc_title\" data-id=\"9ad2fd4\" data-element_type=\"widget\" data-e-type=\"widget\" data-widget_type=\"trx_sc_title.default\">\n\t\t\t\t<div class=\"elementor-widget-container\">\n\t\t\t\t\t<div\t\tclass=\"sc_title sc_title_default\" ><h1 class=\"sc_item_title sc_title_title sc_item_title_style_default sc_item_title_tag trx_addons_inline_612809233\"\n\t\t\t><span class=\"sc_item_title_text\">Pol\u00edtica de Privacidad<\/span><\/h1><\/div>\t\t\t\t<\/div>\n\t\t\t\t<\/div>\n\t\t\t\t\t<\/div>\n\t\t<\/div>\n\t\t\t\t\t<\/div>\n\t\t<\/section>\n\t\t\t\t<section class=\"elementor-section elementor-top-section elementor-element elementor-element-7f37216 elementor-section-boxed elementor-section-height-default elementor-section-height-default sc_fly_static\" data-id=\"7f37216\" data-element_type=\"section\" data-e-type=\"section\" data-settings=\"{&quot;_ha_eqh_enable&quot;:false}\">\n\t\t\t\t\t\t<div class=\"elementor-container elementor-column-gap-extended\">\n\t\t\t\t\t<div class=\"elementor-column elementor-col-100 elementor-top-column elementor-element elementor-element-c05bba9 sc_inner_width_none sc_content_align_inherit sc_layouts_column_icons_position_left sc_fly_static\" data-id=\"c05bba9\" data-element_type=\"column\" data-e-type=\"column\">\n\t\t\t<div class=\"elementor-widget-wrap elementor-element-populated\">\n\t\t\t\t\t\t<div class=\"elementor-element elementor-element-fe19168 sc_height_small sc_fly_static elementor-widget elementor-widget-spacer\" data-id=\"fe19168\" data-element_type=\"widget\" data-e-type=\"widget\" data-widget_type=\"spacer.default\">\n\t\t\t\t<div class=\"elementor-widget-container\">\n\t\t\t\t\t\t\t<div class=\"elementor-spacer\">\n\t\t\t<div class=\"elementor-spacer-inner\"><\/div>\n\t\t<\/div>\n\t\t\t\t\t\t<\/div>\n\t\t\t\t<\/div>\n\t\t\t\t<div class=\"elementor-element elementor-element-c57457f sc_fly_static elementor-widget elementor-widget-text-editor\" data-id=\"c57457f\" data-element_type=\"widget\" data-e-type=\"widget\" data-widget_type=\"text-editor.default\">\n\t\t\t\t<div class=\"elementor-widget-container\">\n\t\t\t\t\t\t\t\t\t<p>OREASOC GROUP INC (\u201cOREASOC\u201d, \u201cnosotros\u201d) formula esta Pol\u00edtica de Privacidad en cumplimiento con los marcos legales aplicables para delinear las medidas y procedimientos establecidos para garantizar la confidencialidad y la gesti\u00f3n segura de los datos personales de los individuos (\u201cDatos\u201d).<\/p><p>Se subraya expl\u00edcitamente que este sitio web puede contener hiperv\u00ednculos que dirijan a los usuarios a sitios web de terceros sobre los cuales OREASOC no ejerce ning\u00fan control directo. En consecuencia, es imperativo destacar que esta Pol\u00edtica de Privacidad se refiere exclusivamente a este sitio web, y OREASOC rechaza expresamente cualquier responsabilidad legal por el contenido o las pr\u00e1cticas de privacidad de los sitios web de terceros.<\/p><p>Le informamos que esta Pol\u00edtica de Privacidad puede ser susceptible de modificaciones sin previo aviso. Le recomendamos encarecidamente que la revise peri\u00f3dicamente para estar al corriente de las posibles revisiones.<\/p><p><span style=\"color: #044945;\"><strong>Procesamiento de datos por parte de OREASOC GROUP INC<\/strong><\/span><\/p><p>OREASOC GROUP INC (\u201cOREASOC\u201d, \u201cnosotros\u201d) no lleva a cabo la recolecci\u00f3n activa de datos de identificaci\u00f3n personal en este sitio web, excepto en los casos en que dichos datos son proporcionados consciente y expl\u00edcitamente por el usuario, en pleno cumplimiento de las leyes y reglamentos aplicables en materia de protecci\u00f3n de datos.<\/p><p>Durante la navegaci\u00f3n por este sitio web, es posible que se registre pasivamente cierta informaci\u00f3n, incluidas, entre otras, las direcciones de protocolo de Internet (\u201cIP\u201d), principalmente con fines de administraci\u00f3n, recopilaci\u00f3n de datos demogr\u00e1ficos y supervisi\u00f3n del uso y el rendimiento del sitio web, todo ello en estricta conformidad con los requisitos legales vigentes. Adem\u00e1s, empleamos tecnolog\u00eda de seguimiento, com\u00fanmente denominada \u201ccookies\u201d, para recopilar datos como el tipo de navegador, el sistema operativo, diversas m\u00e9tricas, la ubicaci\u00f3n geogr\u00e1fica y obtener informaci\u00f3n sobre el comportamiento de los visitantes, respetando estrictamente las normas legales aplicables.<\/p><p>Cabe destacar que los datos captados por estos medios se emplean de forma an\u00f3nima y conjunta, manteniendo el pleno cumplimiento de la legislaci\u00f3n sobre protecci\u00f3n de datos. Para una comprensi\u00f3n m\u00e1s completa de nuestro enfoque de las cookies, consulte nuestra Pol\u00edtica de Cookies.<\/p><p><span style=\"color: #044945;\"><strong>Seguridad de los datos<\/strong><\/span><\/p><p>OREASOC GROUP INC (\u201cOREASOC\u201d, \u201cnosotros\u201d) se compromete a tomar todas las medidas y precauciones razonables para salvaguardar los datos personales (\u201cDatos\u201d) del acceso no autorizado por parte de terceros, en conformidad con los mandatos legales. La divulgaci\u00f3n de datos a terceros se limita exclusivamente a los casos en que las obligaciones legales o reglamentarias lo requieran, y siempre en pleno cumplimiento de las leyes de protecci\u00f3n de datos.<\/p><p><span style=\"color: #044945;\"><strong>Aceptaci\u00f3n<\/strong><\/span><\/p><p>Al visitar este sitio web, establecer comunicaci\u00f3n con nosotros y proporcionar sus datos personales, usted, como usuario, reconoce, consiente y proporciona expresamente sus datos de acuerdo con nuestras pr\u00e1cticas de procesamiento de datos y los t\u00e9rminos establecidos en esta Pol\u00edtica de Privacidad. Asimismo, usted garantiza el pleno cumplimiento de las disposiciones legales vigentes.<\/p><p><span style=\"color: #044945;\"><strong>Sus derechos y contacto<\/strong><\/span><\/p><p>En estricto cumplimiento de la legislaci\u00f3n sobre protecci\u00f3n de datos, las personas f\u00edsicas tienen el derecho legal a solicitar, cuando proceda, el acceso, la rectificaci\u00f3n, la eliminaci\u00f3n o la objeci\u00f3n al tratamiento de sus datos. Adem\u00e1s, los particulares conservan la prerrogativa legal de retirar en cualquier momento cualquier consentimiento previamente otorgado para el tratamiento de sus datos, garantizando al mismo tiempo el cumplimiento de todas las obligaciones legales.<\/p><p>Para ejercer estos derechos o solicitar aclaraciones jur\u00eddicas sobre asuntos relacionados con la presente Pol\u00edtica de Privacidad, no dude en ponerse en contacto con nosotros a trav\u00e9s de <a href=\"mailto:info@oreasoc.com\">info@oreasoc.com<\/a>.<\/p><p><span style=\"color: #044945;\"><strong>Legislaci\u00f3n aplicable<\/strong><\/span><\/p><p>Esta Pol\u00edtica de Privacidad est\u00e1 sujeta a las leyes de los Estados Unidos de Am\u00e9rica y se interpretar\u00e1 de acuerdo con ellas, destacando la importancia primordial del cumplimiento y la protecci\u00f3n legal. Al acceder y utilizar este sitio web, los usuarios consienten expresamente en someterse a la jurisdicci\u00f3n exclusiva de los tribunales del condado de Miami-Dade, Florida, Estados Unidos de America, para resolver cualquier disputa que surja o est\u00e9 relacionada con su uso de este sitio web, en estricta conformidad con las disposiciones de las leyes aplicables.<\/p><p><span style=\"color: #044945;\"><strong>Esta pol\u00edtica fue actualizada por \u00faltima vez el 23 de abril de 2023, en estricto cumplimiento de todos los requisitos legales y las mejores pr\u00e1cticas.<\/strong><\/span><\/p>\t\t\t\t\t\t\t\t<\/div>\n\t\t\t\t<\/div>\n\t\t\t\t\t<\/div>\n\t\t<\/div>\n\t\t\t\t\t<\/div>\n\t\t<\/section>\n\t\t\t\t<section class=\"elementor-section elementor-top-section elementor-element elementor-element-3402f58 elementor-section-boxed elementor-section-height-default elementor-section-height-default sc_fly_static\" data-id=\"3402f58\" data-element_type=\"section\" data-e-type=\"section\" data-settings=\"{&quot;_ha_eqh_enable&quot;:false}\">\n\t\t\t\t\t\t<div class=\"elementor-container elementor-column-gap-extended\">\n\t\t\t\t\t<div class=\"elementor-column elementor-col-100 elementor-top-column elementor-element elementor-element-00b952d sc_inner_width_none sc_content_align_inherit sc_layouts_column_icons_position_left sc_fly_static\" data-id=\"00b952d\" data-element_type=\"column\" data-e-type=\"column\">\n\t\t\t<div class=\"elementor-widget-wrap elementor-element-populated\">\n\t\t\t\t\t\t<div class=\"elementor-element elementor-element-d68957c sc_fly_static elementor-widget elementor-widget-spacer\" data-id=\"d68957c\" data-element_type=\"widget\" data-e-type=\"widget\" data-widget_type=\"spacer.default\">\n\t\t\t\t<div class=\"elementor-widget-container\">\n\t\t\t\t\t\t\t<div class=\"elementor-spacer\">\n\t\t\t<div class=\"elementor-spacer-inner\"><\/div>\n\t\t<\/div>\n\t\t\t\t\t\t<\/div>\n\t\t\t\t<\/div>\n\t\t\t\t\t<\/div>\n\t\t<\/div>\n\t\t\t\t\t<\/div>\n\t\t<\/section>\n\t\t\t\t<\/div>\n\t\t","protected":false},"excerpt":{"rendered":"<p>Pol\u00edtica de Privacidad OREASOC GROUP INC (\u201cOREASOC\u201d, \u201cnosotros\u201d) formula esta Pol\u00edtica de Privacidad en cumplimiento&hellip;<\/p>\n","protected":false},"author":1,"featured_media":0,"parent":0,"menu_order":0,"comment_status":"closed","ping_status":"closed","template":"","meta":{"footnotes":""},"class_list":["post-12954","page","type-page","status-publish","hentry"],"_links":{"self":[{"href":"https:\/\/www.oreasoc.com\/es\/wp-json\/wp\/v2\/pages\/12954","targetHints":{"allow":["GET"]}}],"collection":[{"href":"https:\/\/www.oreasoc.com\/es\/wp-json\/wp\/v2\/pages"}],"about":[{"href":"https:\/\/www.oreasoc.com\/es\/wp-json\/wp\/v2\/types\/page"}],"author":[{"embeddable":true,"href":"https:\/\/www.oreasoc.com\/es\/wp-json\/wp\/v2\/users\/1"}],"replies":[{"embeddable":true,"href":"https:\/\/www.oreasoc.com\/es\/wp-json\/wp\/v2\/comments?post=12954"}],"version-history":[{"count":36,"href":"https:\/\/www.oreasoc.com\/es\/wp-json\/wp\/v2\/pages\/12954\/revisions"}],"predecessor-version":[{"id":44183,"href":"https:\/\/www.oreasoc.com\/es\/wp-json\/wp\/v2\/pages\/12954\/revisions\/44183"}],"wp:attachment":[{"href":"https:\/\/www.oreasoc.com\/es\/wp-json\/wp\/v2\/media?parent=12954"}],"curies":[{"name":"wp","href":"https:\/\/api.w.org\/{rel}","templated":true}]}}