{"id":42472,"date":"2025-07-09T17:17:13","date_gmt":"2025-07-09T17:17:13","guid":{"rendered":"https:\/\/www.oreasoc.com\/?page_id=42472"},"modified":"2026-01-27T17:45:05","modified_gmt":"2026-01-27T17:45:05","slug":"news-information","status":"publish","type":"page","link":"https:\/\/www.oreasoc.com\/es\/news-information\/","title":{"rendered":"News &#038; Information"},"content":{"rendered":"\t\t<div data-elementor-type=\"wp-page\" data-elementor-id=\"42472\" class=\"elementor elementor-42472\" data-elementor-settings=\"{&quot;ha_cmc_init_switcher&quot;:&quot;no&quot;}\" data-elementor-post-type=\"page\">\n\t\t\t\t<div class=\"elementor-element elementor-element-80530de e-flex e-con-boxed sc_inner_width_none sc_layouts_column_icons_position_left e-con e-parent\" data-id=\"80530de\" data-element_type=\"container\" data-e-type=\"container\" data-settings=\"{&quot;_ha_eqh_enable&quot;:false}\">\n\t\t\t\t\t<div class=\"e-con-inner\">\n\t\t<div class=\"elementor-element elementor-element-7ad8ba9 e-con-full e-flex sc_inner_width_none sc_layouts_column_icons_position_left e-con e-child\" data-id=\"7ad8ba9\" data-element_type=\"container\" data-e-type=\"container\" data-settings=\"{&quot;_ha_eqh_enable&quot;:false}\">\n\t\t\t\t<div class=\"elementor-element elementor-element-2030d9b sc_fly_static elementor-widget elementor-widget-spacer\" data-id=\"2030d9b\" data-element_type=\"widget\" data-e-type=\"widget\" data-widget_type=\"spacer.default\">\n\t\t\t\t<div class=\"elementor-widget-container\">\n\t\t\t\t\t\t\t<div class=\"elementor-spacer\">\n\t\t\t<div class=\"elementor-spacer-inner\"><\/div>\n\t\t<\/div>\n\t\t\t\t\t\t<\/div>\n\t\t\t\t<\/div>\n\t\t\t\t<\/div>\n\t\t\t\t\t<\/div>\n\t\t\t\t<\/div>\n\t\t<div class=\"elementor-element elementor-element-c7df856 sc_layouts_row sc_layouts_row_type_narrow e-flex e-con-boxed sc_inner_width_none sc_layouts_column_icons_position_left e-con e-parent\" data-id=\"c7df856\" data-element_type=\"container\" data-e-type=\"container\" data-settings=\"{&quot;background_background&quot;:&quot;classic&quot;,&quot;_ha_eqh_enable&quot;:false}\">\n\t\t\t\t\t<div class=\"e-con-inner\">\n\t\t<div class=\"elementor-element elementor-element-3919e23 sc_layouts_column_align_left sc_layouts_column e-con-full e-flex sc_inner_width_none sc_layouts_column_icons_position_left e-con e-child\" data-id=\"3919e23\" data-element_type=\"container\" data-e-type=\"container\" data-settings=\"{&quot;_ha_eqh_enable&quot;:false}\">\n\t\t\t\t<div class=\"elementor-element elementor-element-7243691 sc_fly_static elementor-widget elementor-widget-trx_sc_title\" data-id=\"7243691\" data-element_type=\"widget\" data-e-type=\"widget\" data-widget_type=\"trx_sc_title.default\">\n\t\t\t\t<div class=\"elementor-widget-container\">\n\t\t\t\t\t<div\t\tclass=\"sc_title sc_title_default\" ><h1 class=\"sc_item_title sc_title_title sc_item_title_style_default sc_item_title_tag trx_addons_inline_284509180\"\n\t\t\t><span class=\"sc_item_title_text\">Noticias e Informaci\u00f3n<\/span><\/h1><\/div>\t\t\t\t<\/div>\n\t\t\t\t<\/div>\n\t\t\t\t<\/div>\n\t\t\t\t\t<\/div>\n\t\t\t\t<\/div>\n\t\t<div class=\"elementor-element elementor-element-202c0ff e-flex e-con-boxed sc_inner_width_none sc_layouts_column_icons_position_left e-con e-parent\" data-id=\"202c0ff\" data-element_type=\"container\" data-e-type=\"container\" data-settings=\"{&quot;_ha_eqh_enable&quot;:false}\">\n\t\t\t\t\t<div class=\"e-con-inner\">\n\t\t<div class=\"elementor-element elementor-element-ce2ddef e-con-full e-flex sc_inner_width_none sc_layouts_column_icons_position_left e-con e-child\" data-id=\"ce2ddef\" data-element_type=\"container\" data-e-type=\"container\" data-settings=\"{&quot;_ha_eqh_enable&quot;:false}\">\n\t\t\t\t<div class=\"elementor-element elementor-element-a7af1c4 sc_fly_static elementor-widget elementor-widget-text-editor\" data-id=\"a7af1c4\" data-element_type=\"widget\" data-e-type=\"widget\" data-widget_type=\"text-editor.default\">\n\t\t\t\t<div class=\"elementor-widget-container\">\n\t\t\t\t\t\t\t\t\t<p data-start=\"79\" data-end=\"479\">Oreasoc Group Inc. ofrece an\u00e1lisis y actualizaciones estrat\u00e9gicas sobre desarrollos de la industria relevantes para nuestras operaciones. Esta secci\u00f3n abarca temas generales y tendencias que pueden ser de inter\u00e9s para clientes, socios y partes interesadas, tales como din\u00e1micas de mercado, avances tecnol\u00f3gicos, cambios regulatorios y factores geopol\u00edticos que afectan los negocios internacionales.<\/p><p data-start=\"481\" data-end=\"935\">El contenido presentado en esta secci\u00f3n tiene \u00fanicamente fines informativos y no constituye asesor\u00eda legal, financiera ni profesional. Las opiniones o interpretaciones expresadas no reflejan necesariamente la posici\u00f3n oficial de Oreasoc Group Inc. ni de sus filiales, directores, funcionarios o empleados. Oreasoc Group Inc. no asume responsabilidad alguna por las decisiones o acciones tomadas con base en la informaci\u00f3n proporcionada en esta secci\u00f3n.<\/p>\t\t\t\t\t\t\t\t<\/div>\n\t\t\t\t<\/div>\n\t\t\t\t<\/div>\n\t\t\t\t\t<\/div>\n\t\t\t\t<\/div>\n\t\t<div class=\"elementor-element elementor-element-b2ac733 e-flex e-con-boxed sc_inner_width_none sc_layouts_column_icons_position_left e-con e-parent\" data-id=\"b2ac733\" data-element_type=\"container\" data-e-type=\"container\" data-settings=\"{&quot;_ha_eqh_enable&quot;:false}\">\n\t\t\t\t\t<div class=\"e-con-inner\">\n\t\t<div class=\"elementor-element elementor-element-39345d2 e-con-full e-flex sc_inner_width_none sc_layouts_column_icons_position_left e-con e-child\" data-id=\"39345d2\" data-element_type=\"container\" data-e-type=\"container\" data-settings=\"{&quot;_ha_eqh_enable&quot;:false}\">\n\t\t\t\t<div class=\"elementor-element elementor-element-8358741 sc_height_tiny sc_fly_static elementor-widget elementor-widget-spacer\" data-id=\"8358741\" data-element_type=\"widget\" data-e-type=\"widget\" data-widget_type=\"spacer.default\">\n\t\t\t\t<div class=\"elementor-widget-container\">\n\t\t\t\t\t\t\t<div class=\"elementor-spacer\">\n\t\t\t<div class=\"elementor-spacer-inner\"><\/div>\n\t\t<\/div>\n\t\t\t\t\t\t<\/div>\n\t\t\t\t<\/div>\n\t\t\t\t<\/div>\n\t\t\t\t\t<\/div>\n\t\t\t\t<\/div>\n\t\t<div class=\"elementor-element elementor-element-cd0a534 e-flex e-con-boxed sc_inner_width_none sc_layouts_column_icons_position_left e-con e-parent\" data-id=\"cd0a534\" data-element_type=\"container\" data-e-type=\"container\" data-settings=\"{&quot;background_background&quot;:&quot;classic&quot;,&quot;_ha_eqh_enable&quot;:false}\">\n\t\t\t\t\t<div class=\"e-con-inner\">\n\t\t<div class=\"elementor-element elementor-element-52695be e-con-full e-flex sc_inner_width_none sc_layouts_column_icons_position_left e-con e-child\" data-id=\"52695be\" data-element_type=\"container\" data-e-type=\"container\" data-settings=\"{&quot;_ha_eqh_enable&quot;:false}\">\n\t\t\t\t<div class=\"elementor-element elementor-element-f7101ed sc_fly_static elementor-widget elementor-widget-shortcode\" data-id=\"f7101ed\" data-element_type=\"widget\" data-e-type=\"widget\" data-widget_type=\"shortcode.default\">\n\t\t\t\t<div class=\"elementor-widget-container\">\n\t\t\t\t\t\t\t<div class=\"elementor-shortcode\">\n\n<style id=\"filter-inline-css-1\">#ymc-smart-filter-container-1 .filter-layout1 .filter-entry .filter-link, #ymc-extra-filter-1 .filter-layout1 .filter-entry .filter-link { color:#044945;}#ymc-smart-filter-container-1 .filter-layout1 .filter-entry .filter-link, #ymc-extra-filter-1 .filter-layout1 .filter-entry .filter-link { background-color:#ffffff;}#ymc-smart-filter-container-1 .filter-layout1 .filter-entry .filter-link.active, #ymc-extra-filter-1 .filter-layout1 .filter-entry .filter-link.active { color:#044945;}#ymc-smart-filter-container-1 .filter-layout1 .filter-entry .filter-link, #ymc-extra-filter-1 .filter-layout1 .filter-entry .filter-link { font-family:Roboto;}<\/style><style id=\"post-inline-css-1\">#ymc-smart-filter-container-1 .container-posts .post-entry {color:#000000}#ymc-smart-filter-container-1 .container-posts .post-entry .ymc-post-layout1 {background-color:#ffffff}#ymc-smart-filter-container-1 .ymc-pagination li a {color:#000000}#ymc-smart-filter-container-1 .ymc-pagination li a {background-color:#ffffff}#ymc-smart-filter-container-1 .container-posts .post-entry.post-layout1 {font-family:Roboto}<\/style><div id=\"ymc-smart-filter-container-1\" \r\n\t\t\t\t  class=\"ymc-smart-filter-container ymc-filter-37516 ymc-loaded-filter ymc-filter-layout1 ymc-post-layout1 ymc-pagination-numeric data-target-ymc37516-1 data-target-ymc1 \" data-loading=\"true\"\r\n\t\t\t\t  data-params='{\"cpt\":\"post\",\"tax\":\"category\",\"terms\":\"1,272,271,270,277,276,275,274,278,273\",\"default_terms\":\"\",\"exclude_posts\":\"off\",\"choices_posts\":\"\",\"posts_selected\":\"all\",\"preloader_icon\":\"preloader_9\",\"type_pg\":\"numeric\",\"per_page\":\"8\",\"page\":\"1\",\"page_scroll\":\"1\",\"preloader_filters\":\"brightness\",\"preloader_filters_rate\":\"0.5\",\"preloader_filters_custom\":\"\",\"post_animation\":\"zoom-in-out\",\"popup_animation\":\"normal\",\"letter\":\"\",\"post_layout\":\"post-layout1\",\"filter_layout\":\"filter-layout1\",\"filter_id\":\"37516\",\"search\":\"\",\"search_filtered_posts\":\"0\",\"carousel_params\":&quot;&quot;,\"filter_date\":\"\",\"sort_order\":\"\",\"sort_orderby\":\"\",\"meta_key\":\"\",\"meta_query\":\"\",\"date_query\":\"\",\"data_target\":\"data-target-ymc1\",\"target_id\":\"1\",\"page_id\":\"0\"}'>\r\n<div id=\"filter-layout1-1\" class=\"filter-layout filter-layout1 filter-layout1-37516 filter-layout1-37516-1\">\r\n\r\n\t\r\n    <ul class=\"filter-entry\">\r\n\r\n\t\t<li class=\"filter-item\">\r\n                      <a class=\"filter-link all active\" aria-label=\"Todas\" role=\"button\" data-selected=\"all\" data-termid=\"1,272,271,270,277,276,275,274,278,273\">Todas<\/a><\/li><li class='filter-item '>\r\n\t\t\t\t\t     <a class='filter-link     ' style='' aria-label='Agriculture' role='button' data-selected='agriculture' data-termid='1'><span class=\"link-inner\">Agriculture<\/span><\/a><\/li><li class='filter-item '>\r\n\t\t\t\t\t     <a class='filter-link     ' style='' aria-label='Energy' role='button' data-selected='energy' data-termid='272'><span class=\"link-inner\">Energy<\/span><\/a><\/li><li class='filter-item '>\r\n\t\t\t\t\t     <a class='filter-link     ' style='' aria-label='Fertilizers' role='button' data-selected='fertilizers' data-termid='271'><span class=\"link-inner\">Fertilizers<\/span><\/a><\/li><li class='filter-item '>\r\n\t\t\t\t\t     <a class='filter-link     ' style='' aria-label='Food' role='button' data-selected='food' data-termid='270'><span class=\"link-inner\">Food<\/span><\/a><\/li><li class='filter-item '>\r\n\t\t\t\t\t     <a class='filter-link     ' style='' aria-label='Logistic' role='button' data-selected='logistic' data-termid='275'><span class=\"link-inner\">Logistic<\/span><\/a><\/li><li class='filter-item '>\r\n\t\t\t\t\t     <a class='filter-link     ' style='' aria-label='Others' role='button' data-selected='others' data-termid='278'><span class=\"link-inner\">Others<\/span><\/a><\/li>\r\n\t<\/ul>\r\n\r\n    <div class=\"posts-found\"><\/div>\r\n\r\n    \r\n<\/div>\r\n\r\n\r\n\r\n<div class=\"container-posts container-post-layout1\"><div class=\"post-entry ymc-xs-col-1 ymc-sm-col-1 ymc-md-col-2 ymc-lg-col-2 ymc-xl-col-4 ymc-xxl-col-4 post-layout1 post-layout1-37516 post-layout1-37516-1\"><\/div><\/div><\/div><\/div>\n\t\t\t\t\t\t<\/div>\n\t\t\t\t<\/div>\n\t\t\t\t<\/div>\n\t\t\t\t\t<\/div>\n\t\t\t\t<\/div>\n\t\t<div class=\"elementor-element elementor-element-af13ece e-flex e-con-boxed sc_inner_width_none sc_layouts_column_icons_position_left e-con e-parent\" data-id=\"af13ece\" data-element_type=\"container\" data-e-type=\"container\" data-settings=\"{&quot;background_background&quot;:&quot;classic&quot;,&quot;_ha_eqh_enable&quot;:false}\">\n\t\t\t\t\t<div class=\"e-con-inner\">\n\t\t<div class=\"elementor-element elementor-element-212cf77 e-con-full e-flex sc_inner_width_none sc_layouts_column_icons_position_left e-con e-child\" data-id=\"212cf77\" data-element_type=\"container\" data-e-type=\"container\" data-settings=\"{&quot;_ha_eqh_enable&quot;:false}\">\n\t\t\t\t<div class=\"elementor-element elementor-element-43dd459 sc_fly_static elementor-widget elementor-widget-spacer\" data-id=\"43dd459\" data-element_type=\"widget\" data-e-type=\"widget\" data-widget_type=\"spacer.default\">\n\t\t\t\t<div class=\"elementor-widget-container\">\n\t\t\t\t\t\t\t<div class=\"elementor-spacer\">\n\t\t\t<div class=\"elementor-spacer-inner\"><\/div>\n\t\t<\/div>\n\t\t\t\t\t\t<\/div>\n\t\t\t\t<\/div>\n\t\t\t\t<\/div>\n\t\t\t\t\t<\/div>\n\t\t\t\t<\/div>\n\t\t\t\t<\/div>\n\t\t","protected":false},"excerpt":{"rendered":"<p>Noticias e Informaci\u00f3n Oreasoc Group Inc. ofrece an\u00e1lisis y actualizaciones estrat\u00e9gicas sobre desarrollos de la&hellip;<\/p>\n","protected":false},"author":4,"featured_media":0,"parent":0,"menu_order":0,"comment_status":"closed","ping_status":"closed","template":"","meta":{"footnotes":""},"class_list":["post-42472","page","type-page","status-publish","hentry"],"_links":{"self":[{"href":"https:\/\/www.oreasoc.com\/es\/wp-json\/wp\/v2\/pages\/42472","targetHints":{"allow":["GET"]}}],"collection":[{"href":"https:\/\/www.oreasoc.com\/es\/wp-json\/wp\/v2\/pages"}],"about":[{"href":"https:\/\/www.oreasoc.com\/es\/wp-json\/wp\/v2\/types\/page"}],"author":[{"embeddable":true,"href":"https:\/\/www.oreasoc.com\/es\/wp-json\/wp\/v2\/users\/4"}],"replies":[{"embeddable":true,"href":"https:\/\/www.oreasoc.com\/es\/wp-json\/wp\/v2\/comments?post=42472"}],"version-history":[{"count":7,"href":"https:\/\/www.oreasoc.com\/es\/wp-json\/wp\/v2\/pages\/42472\/revisions"}],"predecessor-version":[{"id":44150,"href":"https:\/\/www.oreasoc.com\/es\/wp-json\/wp\/v2\/pages\/42472\/revisions\/44150"}],"wp:attachment":[{"href":"https:\/\/www.oreasoc.com\/es\/wp-json\/wp\/v2\/media?parent=42472"}],"curies":[{"name":"wp","href":"https:\/\/api.w.org\/{rel}","templated":true}]}}