{"id":12954,"date":"2020-08-27T08:23:10","date_gmt":"2020-08-27T08:23:10","guid":{"rendered":"https:\/\/www.oreasoc.com\/?page_id=12954"},"modified":"2025-09-09T00:40:25","modified_gmt":"2025-09-09T00:40:25","slug":"politica-de-privacidade","status":"publish","type":"page","link":"https:\/\/www.oreasoc.com\/pt\/politica-de-privacidade\/","title":{"rendered":"Pol\u00edtica de privacidade"},"content":{"rendered":"\t\t<div data-elementor-type=\"wp-page\" data-elementor-id=\"12954\" class=\"elementor elementor-12954\" data-elementor-settings=\"{&quot;ha_cmc_init_switcher&quot;:&quot;no&quot;}\" data-elementor-post-type=\"page\">\n\t\t\t\t\t\t<section class=\"elementor-section elementor-top-section elementor-element elementor-element-406fea4 elementor-section-boxed elementor-section-height-default elementor-section-height-default sc_fly_static\" data-id=\"406fea4\" data-element_type=\"section\" data-e-type=\"section\" data-settings=\"{&quot;_ha_eqh_enable&quot;:false}\">\n\t\t\t\t\t\t<div class=\"elementor-container elementor-column-gap-extended\">\n\t\t\t\t\t<div class=\"elementor-column elementor-col-100 elementor-top-column elementor-element elementor-element-3f4df29 sc_inner_width_none sc_content_align_inherit sc_layouts_column_icons_position_left sc_fly_static\" data-id=\"3f4df29\" data-element_type=\"column\" data-e-type=\"column\">\n\t\t\t<div class=\"elementor-widget-wrap elementor-element-populated\">\n\t\t\t\t\t\t<div class=\"elementor-element elementor-element-05e4a6f sc_fly_static elementor-widget elementor-widget-spacer\" data-id=\"05e4a6f\" data-element_type=\"widget\" data-e-type=\"widget\" data-widget_type=\"spacer.default\">\n\t\t\t\t<div class=\"elementor-widget-container\">\n\t\t\t\t\t\t\t<div class=\"elementor-spacer\">\n\t\t\t<div class=\"elementor-spacer-inner\"><\/div>\n\t\t<\/div>\n\t\t\t\t\t\t<\/div>\n\t\t\t\t<\/div>\n\t\t\t\t<div class=\"elementor-element elementor-element-9ad2fd4 sc_fly_static elementor-widget elementor-widget-trx_sc_title\" data-id=\"9ad2fd4\" data-element_type=\"widget\" data-e-type=\"widget\" data-widget_type=\"trx_sc_title.default\">\n\t\t\t\t<div class=\"elementor-widget-container\">\n\t\t\t\t\t<div\t\tclass=\"sc_title sc_title_default\" ><h1 class=\"sc_item_title sc_title_title sc_item_title_style_default sc_item_title_tag trx_addons_inline_685620438\"\n\t\t\t><span class=\"sc_item_title_text\">Pol\u00edtica de Privacidade<\/span><\/h1><\/div>\t\t\t\t<\/div>\n\t\t\t\t<\/div>\n\t\t\t\t\t<\/div>\n\t\t<\/div>\n\t\t\t\t\t<\/div>\n\t\t<\/section>\n\t\t\t\t<section class=\"elementor-section elementor-top-section elementor-element elementor-element-7f37216 elementor-section-boxed elementor-section-height-default elementor-section-height-default sc_fly_static\" data-id=\"7f37216\" data-element_type=\"section\" data-e-type=\"section\" data-settings=\"{&quot;_ha_eqh_enable&quot;:false}\">\n\t\t\t\t\t\t<div class=\"elementor-container elementor-column-gap-extended\">\n\t\t\t\t\t<div class=\"elementor-column elementor-col-100 elementor-top-column elementor-element elementor-element-c05bba9 sc_inner_width_none sc_content_align_inherit sc_layouts_column_icons_position_left sc_fly_static\" data-id=\"c05bba9\" data-element_type=\"column\" data-e-type=\"column\">\n\t\t\t<div class=\"elementor-widget-wrap elementor-element-populated\">\n\t\t\t\t\t\t<div class=\"elementor-element elementor-element-fe19168 sc_height_small sc_fly_static elementor-widget elementor-widget-spacer\" data-id=\"fe19168\" data-element_type=\"widget\" data-e-type=\"widget\" data-widget_type=\"spacer.default\">\n\t\t\t\t<div class=\"elementor-widget-container\">\n\t\t\t\t\t\t\t<div class=\"elementor-spacer\">\n\t\t\t<div class=\"elementor-spacer-inner\"><\/div>\n\t\t<\/div>\n\t\t\t\t\t\t<\/div>\n\t\t\t\t<\/div>\n\t\t\t\t<div class=\"elementor-element elementor-element-c57457f sc_fly_static elementor-widget elementor-widget-text-editor\" data-id=\"c57457f\" data-element_type=\"widget\" data-e-type=\"widget\" data-widget_type=\"text-editor.default\">\n\t\t\t\t<div class=\"elementor-widget-container\">\n\t\t\t\t\t\t\t\t\t<p>OREASOC GROUP INC (\u201cOREASOC\u201d, \u201cn\u00f3s\u201d, \u201cnos\u201d) formula esta Pol\u00edtica de Privacidade em conformidade com as estruturas legais aplic\u00e1veis para delinear as medidas e os procedimentos em vigor para garantir a confidencialidade e o gerenciamento seguro dos dados pessoais dos indiv\u00edduos (\u201cDados\u201d).<\/p><p>Ressalta-se explicitamente que este site pode conter hiperlinks que direcionam os usu\u00e1rios a sites de terceiros sobre os quais a OREASOC n\u00e3o exerce controle direto. Assim, \u00e9 imperativo enfatizar que esta Pol\u00edtica de Privacidade se refere exclusivamente a este site, e a OREASOC se isenta expressamente de qualquer responsabilidade legal pelo conte\u00fado ou pr\u00e1ticas de privacidade de sites de terceiros.<\/p><p>Informamos que esta Pol\u00edtica de Privacidade pode estar sujeita a altera\u00e7\u00f5es sem aviso pr\u00e9vio. Recomendamos enfaticamente que voc\u00ea a examine periodicamente para verificar se h\u00e1 revis\u00f5es.<\/p><p><span style=\"color: #044945;\"><strong>Processamento de dados pelo OREASOC GROUP INC.<\/strong><\/span><\/p><p>OREASOC GROUP INC (\u201cOREASOC\u201d, \u201cn\u00f3s\u201d, \u201cnos\u201d) n\u00e3o coleta ativamente dados de identifica\u00e7\u00e3o pessoal neste site, exceto quando tais dados s\u00e3o fornecidos consciente e explicitamente pelo usu\u00e1rio, em total conformidade com as leis e regulamentos de prote\u00e7\u00e3o de dados aplic\u00e1veis.<\/p><p>Durante a navega\u00e7\u00e3o neste site, determinadas informa\u00e7\u00f5es, incluindo, entre outras, endere\u00e7os de Protocolo de Internet (\u201cIP\u201d), podem ser registradas passivamente, principalmente para fins de administra\u00e7\u00e3o, coleta de dados demogr\u00e1ficos e monitoramento do uso e do desempenho do site, tudo em estrita conformidade com as exig\u00eancias legais aplic\u00e1veis. Al\u00e9m disso, usamos tecnologia de rastreamento, comumente chamada de \u201ccookies\u201d, para coletar dados como tipo de navegador, sistema operacional, v\u00e1rias m\u00e9tricas, localiza\u00e7\u00e3o geogr\u00e1fica e informa\u00e7\u00f5es comportamentais do visitante, em estrita conformidade com as leis aplic\u00e1veis.<\/p><p>Deve-se observar que os dados capturados por esses meios s\u00e3o usados de forma an\u00f4nima e agregada, em total conformidade com a legisla\u00e7\u00e3o de prote\u00e7\u00e3o de dados. Para uma compreens\u00e3o mais completa de nossa abordagem em rela\u00e7\u00e3o aos cookies, consulte nossa Pol\u00edtica de Cookies.<\/p><p><span style=\"color: #044945;\"><strong>Seguran\u00e7a de dados<\/strong><\/span><\/p><p>O OREASOC GROUP INC (\u201cOREASOC\u201d, \u201cn\u00f3s\u201d, \u201cnos\u201d) tem o compromisso de tomar todas as medidas e precau\u00e7\u00f5es razo\u00e1veis para proteger os dados pessoais (\u201cDados\u201d) contra o acesso n\u00e3o autorizado de terceiros, de acordo com as exig\u00eancias legais. A divulga\u00e7\u00e3o de Dados a terceiros limita-se exclusivamente aos casos em que as obriga\u00e7\u00f5es legais ou regulamentares o exijam, e sempre em total conformidade com as leis de prote\u00e7\u00e3o de dados.<\/p><p><span style=\"color: #044945;\"><strong>Aceita\u00e7\u00e3o<\/strong><\/span><\/p><p>Ao visitar este site, comunicar-se conosco e fornecer seus dados pessoais, voc\u00ea, como usu\u00e1rio, reconhece, consente e expressamente fornece seus dados de acordo com nossas pr\u00e1ticas de processamento de dados e com os termos estabelecidos nesta Pol\u00edtica de Privacidade. Voc\u00ea tamb\u00e9m garante total conformidade com as disposi\u00e7\u00f5es legais em vigor.<\/p><p><span style=\"color: #044945;\"><strong>Seus direitos e contato<\/strong><\/span><\/p><p>Em estrita conformidade com a legisla\u00e7\u00e3o de prote\u00e7\u00e3o de dados, os indiv\u00edduos t\u00eam o direito legal de solicitar, quando apropriado, acesso, retifica\u00e7\u00e3o, exclus\u00e3o ou obje\u00e7\u00e3o ao processamento de seus dados. Al\u00e9m disso, os indiv\u00edduos mant\u00eam a prerrogativa legal de retirar, a qualquer momento, qualquer consentimento previamente concedido para o processamento de seus dados, garantindo, ao mesmo tempo, o cumprimento de todas as obriga\u00e7\u00f5es legais.<\/p><p>Para exercer esses direitos ou solicitar esclarecimentos legais sobre quest\u00f5es relacionadas a esta Pol\u00edtica de Privacidade, n\u00e3o hesite em entrar em contato conosco pelo e-mail <a href=\"mailto:info@oreasoc.com\">info@oreasoc.com<\/a>.<\/p><p><span style=\"color: #044945;\"><strong>Lei aplic\u00e1vel<\/strong><\/span><\/p><p>Esta Pol\u00edtica de Privacidade est\u00e1 sujeita e deve ser interpretada de acordo com as leis dos Estados Unidos da Am\u00e9rica, enfatizando a import\u00e2ncia primordial da conformidade e da prote\u00e7\u00e3o legal. Ao acessar e usar este site, os usu\u00e1rios concordam expressamente em se submeter \u00e0 jurisdi\u00e7\u00e3o exclusiva dos tribunais localizados no Condado de Miami-Dade, Fl\u00f3rida, Estados Unidos da Am\u00e9rica, para resolver qualquer disputa decorrente ou relacionada ao uso deste site, em estrita conformidade com as disposi\u00e7\u00f5es da lei aplic\u00e1vel.<\/p><p><span style=\"color: #044945;\"><strong>Esta pol\u00edtica foi atualizada pela \u00faltima vez em 23 de abril de 2023, em estrita conformidade com todos os requisitos legais e pr\u00e1ticas recomendadas.<\/strong><\/span><\/p>\t\t\t\t\t\t\t\t<\/div>\n\t\t\t\t<\/div>\n\t\t\t\t\t<\/div>\n\t\t<\/div>\n\t\t\t\t\t<\/div>\n\t\t<\/section>\n\t\t\t\t<section class=\"elementor-section elementor-top-section elementor-element elementor-element-3402f58 elementor-section-boxed elementor-section-height-default elementor-section-height-default sc_fly_static\" data-id=\"3402f58\" data-element_type=\"section\" data-e-type=\"section\" data-settings=\"{&quot;_ha_eqh_enable&quot;:false}\">\n\t\t\t\t\t\t<div class=\"elementor-container elementor-column-gap-extended\">\n\t\t\t\t\t<div class=\"elementor-column elementor-col-100 elementor-top-column elementor-element elementor-element-00b952d sc_inner_width_none sc_content_align_inherit sc_layouts_column_icons_position_left sc_fly_static\" data-id=\"00b952d\" data-element_type=\"column\" data-e-type=\"column\">\n\t\t\t<div class=\"elementor-widget-wrap elementor-element-populated\">\n\t\t\t\t\t\t<div class=\"elementor-element elementor-element-d68957c sc_fly_static elementor-widget elementor-widget-spacer\" data-id=\"d68957c\" data-element_type=\"widget\" data-e-type=\"widget\" data-widget_type=\"spacer.default\">\n\t\t\t\t<div class=\"elementor-widget-container\">\n\t\t\t\t\t\t\t<div class=\"elementor-spacer\">\n\t\t\t<div class=\"elementor-spacer-inner\"><\/div>\n\t\t<\/div>\n\t\t\t\t\t\t<\/div>\n\t\t\t\t<\/div>\n\t\t\t\t\t<\/div>\n\t\t<\/div>\n\t\t\t\t\t<\/div>\n\t\t<\/section>\n\t\t\t\t<\/div>\n\t\t","protected":false},"excerpt":{"rendered":"<p>Pol\u00edtica de Privacidade OREASOC GROUP INC (\u201cOREASOC\u201d, \u201cn\u00f3s\u201d, \u201cnos\u201d) formula esta Pol\u00edtica de Privacidade em&hellip;<\/p>\n","protected":false},"author":1,"featured_media":0,"parent":0,"menu_order":0,"comment_status":"closed","ping_status":"closed","template":"","meta":{"footnotes":""},"class_list":["post-12954","page","type-page","status-publish","hentry"],"_links":{"self":[{"href":"https:\/\/www.oreasoc.com\/pt\/wp-json\/wp\/v2\/pages\/12954","targetHints":{"allow":["GET"]}}],"collection":[{"href":"https:\/\/www.oreasoc.com\/pt\/wp-json\/wp\/v2\/pages"}],"about":[{"href":"https:\/\/www.oreasoc.com\/pt\/wp-json\/wp\/v2\/types\/page"}],"author":[{"embeddable":true,"href":"https:\/\/www.oreasoc.com\/pt\/wp-json\/wp\/v2\/users\/1"}],"replies":[{"embeddable":true,"href":"https:\/\/www.oreasoc.com\/pt\/wp-json\/wp\/v2\/comments?post=12954"}],"version-history":[{"count":38,"href":"https:\/\/www.oreasoc.com\/pt\/wp-json\/wp\/v2\/pages\/12954\/revisions"}],"predecessor-version":[{"id":43446,"href":"https:\/\/www.oreasoc.com\/pt\/wp-json\/wp\/v2\/pages\/12954\/revisions\/43446"}],"wp:attachment":[{"href":"https:\/\/www.oreasoc.com\/pt\/wp-json\/wp\/v2\/media?parent=12954"}],"curies":[{"name":"wp","href":"https:\/\/api.w.org\/{rel}","templated":true}]}}